{"id":17548,"date":"2023-09-15T14:44:31","date_gmt":"2023-09-15T14:44:31","guid":{"rendered":"https:\/\/www.aguamelsintra.com\/product\/bon-pour-chambre-double\/"},"modified":"2023-09-15T14:44:31","modified_gmt":"2023-09-15T14:44:31","slug":"bon-pour-un-lit-double","status":"publish","type":"product","link":"https:\/\/www.aguamelsintra.com\/fr\/produit\/bon-pour-un-lit-double\/","title":{"rendered":"Bon pour chambre double"},"content":{"rendered":"<ul>\n<li>Chambres disponibles : Fleur de jasmin, Fleur de romarin et Fleur de guimauve<\/li>\n<li>Comprend l&#8217;exp\u00e9rience du th\u00e9, un g\u00e2teau fait maison et une s\u00e9lection de th\u00e9s.<\/li>\n<li>Exclut la haute saison (mai-octobre) et les f\u00eates de fin d&#8217;ann\u00e9e.<\/li>\n<li>Les lits suppl\u00e9mentaires sont payants<\/li>\n<li>Le bon sera envoy\u00e9 48 heures plus tard \u00e0 l&#8217;adresse \u00e9lectronique fournie.<\/li>\n<li>La pr\u00e9-r\u00e9servation est obligatoire<\/li>\n<li>Le bon doit \u00eatre remis lors de l&#8217;enregistrement.<\/li>\n<li>En l&#8217;absence de bon, le s\u00e9jour sera factur\u00e9 sur la base du tarif journalier.<\/li>\n<li>Le bon n&#8217;est pas cumulable avec d&#8217;autres bons, r\u00e9ductions ou promotions.<\/li>\n<li>Le bon sera consid\u00e9r\u00e9 comme utilis\u00e9 en cas d&#8217;annulation tardive.<\/li>\n<li>Le bon sera consid\u00e9r\u00e9 comme utilis\u00e9 en cas de non-pr\u00e9sentation.<\/li>\n<li>Politique d&#8217;annulation : 72 heures avant la date d&#8217;arriv\u00e9e pr\u00e9vue<\/li>\n<\/ul>\n","protected":false},"excerpt":{"rendered":"<p>Bon pour une nuit dans l&#8217;une de nos chambres doubles.<\/p>\n","protected":false},"featured_media":18614,"template":"","meta":{"_monsterinsights_skip_tracking":false,"_monsterinsights_sitenote_active":false,"_monsterinsights_sitenote_note":"","_monsterinsights_sitenote_category":0},"product_cat":[83],"product_tag":[],"yoast_head":"<!-- This site is optimized with the Yoast SEO plugin v21.3 - https:\/\/yoast.com\/wordpress\/plugins\/seo\/ -->\n<title>Bon pour chambre double - \u00c1guamel Sintra<\/title>\n<meta name=\"robots\" content=\"index, follow, max-snippet:-1, max-image-preview:large, max-video-preview:-1\" \/>\n<link rel=\"canonical\" href=\"https:\/\/www.aguamelsintra.com\/fr\/produit\/bon-pour-un-lit-double\/\" \/>\n<meta property=\"og:locale\" content=\"fr_FR\" \/>\n<meta property=\"og:type\" content=\"article\" \/>\n<meta property=\"og:title\" content=\"Bon pour chambre double - \u00c1guamel Sintra\" \/>\n<meta property=\"og:description\" content=\"Bon pour une nuit dans l&#039;une de nos chambres doubles.\" \/>\n<meta property=\"og:url\" content=\"https:\/\/www.aguamelsintra.com\/fr\/produit\/bon-pour-un-lit-double\/\" \/>\n<meta property=\"og:site_name\" content=\"\u00c1guamel Sintra\" \/>\n<meta property=\"article:publisher\" content=\"https:\/\/www.facebook.com\/profile.php?id=61552552437764\" \/>\n<meta property=\"og:image\" content=\"https:\/\/www.aguamelsintra.com\/wp-content\/uploads\/2023\/03\/LOGO1.png\" \/>\n\t<meta property=\"og:image:width\" content=\"300\" \/>\n\t<meta property=\"og:image:height\" content=\"121\" \/>\n\t<meta property=\"og:image:type\" content=\"image\/png\" \/>\n<meta name=\"twitter:card\" content=\"summary_large_image\" \/>\n<meta name=\"twitter:label1\" content=\"Dur\u00e9e de lecture estim\u00e9e\" \/>\n\t<meta name=\"twitter:data1\" content=\"1 minute\" \/>\n<script type=\"application\/ld+json\" class=\"yoast-schema-graph\">{\"@context\":\"https:\/\/schema.org\",\"@graph\":[{\"@type\":\"WebPage\",\"@id\":\"https:\/\/www.aguamelsintra.com\/fr\/produit\/bon-pour-un-lit-double\/\",\"url\":\"https:\/\/www.aguamelsintra.com\/fr\/produit\/bon-pour-un-lit-double\/\",\"name\":\"Bon pour chambre double - \u00c1guamel Sintra\",\"isPartOf\":{\"@id\":\"https:\/\/www.aguamelsintra.com\/fr\/#website\"},\"datePublished\":\"2023-09-15T14:44:31+00:00\",\"dateModified\":\"2023-09-15T14:44:31+00:00\",\"breadcrumb\":{\"@id\":\"https:\/\/www.aguamelsintra.com\/fr\/produit\/bon-pour-un-lit-double\/#breadcrumb\"},\"inLanguage\":\"fr-FR\",\"potentialAction\":[{\"@type\":\"ReadAction\",\"target\":[\"https:\/\/www.aguamelsintra.com\/fr\/produit\/bon-pour-un-lit-double\/\"]}]},{\"@type\":\"BreadcrumbList\",\"@id\":\"https:\/\/www.aguamelsintra.com\/fr\/produit\/bon-pour-un-lit-double\/#breadcrumb\",\"itemListElement\":[{\"@type\":\"ListItem\",\"position\":1,\"name\":\"In\u00edcio\",\"item\":\"https:\/\/www.aguamelsintra.com\/fr\/\"},{\"@type\":\"ListItem\",\"position\":2,\"name\":\"Shop\",\"item\":\"https:\/\/www.aguamelsintra.com\/?page_id=3897\"},{\"@type\":\"ListItem\",\"position\":3,\"name\":\"Bon pour chambre double\"}]},{\"@type\":\"WebSite\",\"@id\":\"https:\/\/www.aguamelsintra.com\/fr\/#website\",\"url\":\"https:\/\/www.aguamelsintra.com\/fr\/\",\"name\":\"\u00c1guamel Sintra\",\"description\":\"A sua Boutique Guest House\",\"publisher\":{\"@id\":\"https:\/\/www.aguamelsintra.com\/fr\/#organization\"},\"alternateName\":\"\u00c1guamel Sintra\",\"potentialAction\":[{\"@type\":\"SearchAction\",\"target\":{\"@type\":\"EntryPoint\",\"urlTemplate\":\"https:\/\/www.aguamelsintra.com\/fr\/?s={search_term_string}\"},\"query-input\":\"required name=search_term_string\"}],\"inLanguage\":\"fr-FR\"},{\"@type\":\"Organization\",\"@id\":\"https:\/\/www.aguamelsintra.com\/fr\/#organization\",\"name\":\"\u00c1guamel Sintra\",\"alternateName\":\"\u00c1guamel Sintra\",\"url\":\"https:\/\/www.aguamelsintra.com\/fr\/\",\"logo\":{\"@type\":\"ImageObject\",\"inLanguage\":\"fr-FR\",\"@id\":\"https:\/\/www.aguamelsintra.com\/fr\/#\/schema\/logo\/image\/\",\"url\":\"https:\/\/www.aguamelsintra.com\/wp-content\/uploads\/2023\/03\/LOGO1.png\",\"contentUrl\":\"https:\/\/www.aguamelsintra.com\/wp-content\/uploads\/2023\/03\/LOGO1.png\",\"width\":300,\"height\":121,\"caption\":\"\u00c1guamel Sintra\"},\"image\":{\"@id\":\"https:\/\/www.aguamelsintra.com\/fr\/#\/schema\/logo\/image\/\"},\"sameAs\":[\"https:\/\/www.facebook.com\/profile.php?id=61552552437764\",\"https:\/\/www.instagram.com\/aguamelsintra\/\"]}]}<\/script>\n<!-- \/ Yoast SEO plugin. -->","yoast_head_json":{"title":"Bon pour chambre double - \u00c1guamel Sintra","robots":{"index":"index","follow":"follow","max-snippet":"max-snippet:-1","max-image-preview":"max-image-preview:large","max-video-preview":"max-video-preview:-1"},"canonical":"https:\/\/www.aguamelsintra.com\/fr\/produit\/bon-pour-un-lit-double\/","og_locale":"fr_FR","og_type":"article","og_title":"Bon pour chambre double - \u00c1guamel Sintra","og_description":"Bon pour une nuit dans l'une de nos chambres doubles.","og_url":"https:\/\/www.aguamelsintra.com\/fr\/produit\/bon-pour-un-lit-double\/","og_site_name":"\u00c1guamel Sintra","article_publisher":"https:\/\/www.facebook.com\/profile.php?id=61552552437764","og_image":[{"width":300,"height":121,"url":"https:\/\/www.aguamelsintra.com\/wp-content\/uploads\/2023\/03\/LOGO1.png","type":"image\/png"}],"twitter_card":"summary_large_image","twitter_misc":{"Dur\u00e9e de lecture estim\u00e9e":"1 minute"},"schema":{"@context":"https:\/\/schema.org","@graph":[{"@type":"WebPage","@id":"https:\/\/www.aguamelsintra.com\/fr\/produit\/bon-pour-un-lit-double\/","url":"https:\/\/www.aguamelsintra.com\/fr\/produit\/bon-pour-un-lit-double\/","name":"Bon pour chambre double - \u00c1guamel Sintra","isPartOf":{"@id":"https:\/\/www.aguamelsintra.com\/fr\/#website"},"datePublished":"2023-09-15T14:44:31+00:00","dateModified":"2023-09-15T14:44:31+00:00","breadcrumb":{"@id":"https:\/\/www.aguamelsintra.com\/fr\/produit\/bon-pour-un-lit-double\/#breadcrumb"},"inLanguage":"fr-FR","potentialAction":[{"@type":"ReadAction","target":["https:\/\/www.aguamelsintra.com\/fr\/produit\/bon-pour-un-lit-double\/"]}]},{"@type":"BreadcrumbList","@id":"https:\/\/www.aguamelsintra.com\/fr\/produit\/bon-pour-un-lit-double\/#breadcrumb","itemListElement":[{"@type":"ListItem","position":1,"name":"In\u00edcio","item":"https:\/\/www.aguamelsintra.com\/fr\/"},{"@type":"ListItem","position":2,"name":"Shop","item":"https:\/\/www.aguamelsintra.com\/?page_id=3897"},{"@type":"ListItem","position":3,"name":"Bon pour chambre double"}]},{"@type":"WebSite","@id":"https:\/\/www.aguamelsintra.com\/fr\/#website","url":"https:\/\/www.aguamelsintra.com\/fr\/","name":"\u00c1guamel Sintra","description":"A sua Boutique Guest House","publisher":{"@id":"https:\/\/www.aguamelsintra.com\/fr\/#organization"},"alternateName":"\u00c1guamel Sintra","potentialAction":[{"@type":"SearchAction","target":{"@type":"EntryPoint","urlTemplate":"https:\/\/www.aguamelsintra.com\/fr\/?s={search_term_string}"},"query-input":"required name=search_term_string"}],"inLanguage":"fr-FR"},{"@type":"Organization","@id":"https:\/\/www.aguamelsintra.com\/fr\/#organization","name":"\u00c1guamel Sintra","alternateName":"\u00c1guamel Sintra","url":"https:\/\/www.aguamelsintra.com\/fr\/","logo":{"@type":"ImageObject","inLanguage":"fr-FR","@id":"https:\/\/www.aguamelsintra.com\/fr\/#\/schema\/logo\/image\/","url":"https:\/\/www.aguamelsintra.com\/wp-content\/uploads\/2023\/03\/LOGO1.png","contentUrl":"https:\/\/www.aguamelsintra.com\/wp-content\/uploads\/2023\/03\/LOGO1.png","width":300,"height":121,"caption":"\u00c1guamel Sintra"},"image":{"@id":"https:\/\/www.aguamelsintra.com\/fr\/#\/schema\/logo\/image\/"},"sameAs":["https:\/\/www.facebook.com\/profile.php?id=61552552437764","https:\/\/www.instagram.com\/aguamelsintra\/"]}]}},"_links":{"self":[{"href":"https:\/\/www.aguamelsintra.com\/fr\/wp-json\/wp\/v2\/product\/17548"}],"collection":[{"href":"https:\/\/www.aguamelsintra.com\/fr\/wp-json\/wp\/v2\/product"}],"about":[{"href":"https:\/\/www.aguamelsintra.com\/fr\/wp-json\/wp\/v2\/types\/product"}],"wp:featuredmedia":[{"embeddable":true,"href":"https:\/\/www.aguamelsintra.com\/fr\/wp-json\/wp\/v2\/media\/18614"}],"wp:attachment":[{"href":"https:\/\/www.aguamelsintra.com\/fr\/wp-json\/wp\/v2\/media?parent=17548"}],"wp:term":[{"taxonomy":"product_cat","embeddable":true,"href":"https:\/\/www.aguamelsintra.com\/fr\/wp-json\/wp\/v2\/product_cat?post=17548"},{"taxonomy":"product_tag","embeddable":true,"href":"https:\/\/www.aguamelsintra.com\/fr\/wp-json\/wp\/v2\/product_tag?post=17548"}],"curies":[{"name":"wp","href":"https:\/\/api.w.org\/{rel}","templated":true}]}}