{"id":17625,"date":"2023-06-21T08:57:56","date_gmt":"2023-06-21T08:57:56","guid":{"rendered":"https:\/\/www.aguamelsintra.com\/informations-essentielles\/"},"modified":"2023-12-28T15:20:17","modified_gmt":"2023-12-28T15:20:17","slug":"informations-essentielles","status":"publish","type":"page","link":"https:\/\/www.aguamelsintra.com\/fr\/informations-essentielles\/","title":{"rendered":"Informations essentielles"},"content":{"rendered":"\t\t<div data-elementor-type=\"wp-page\" data-elementor-id=\"17625\" class=\"elementor elementor-17625 elementor-7458\" data-elementor-post-type=\"page\">\n\t\t\t\t\t\t\t\t\t<section class=\"elementor-section elementor-top-section elementor-element elementor-element-4dcbf156 elementor-section-height-min-height elementor-section-boxed elementor-section-height-default elementor-section-items-middle tf-sticky-section tf-sticky-no wpr-particle-no wpr-jarallax-no wpr-parallax-no wpr-sticky-section-no\" data-id=\"4dcbf156\" data-element_type=\"section\" data-settings=\"{&quot;background_background&quot;:&quot;classic&quot;,&quot;animation&quot;:&quot;none&quot;,&quot;tf_sticky&quot;:&quot;no&quot;,&quot;_ha_eqh_enable&quot;:false}\">\n\t\t\t\t\t\t\t<div class=\"elementor-background-overlay\"><\/div>\n\t\t\t\t\t\t\t<div class=\"elementor-container elementor-column-gap-default\">\n\t\t\t\t\t<div class=\"elementor-column elementor-col-100 elementor-top-column elementor-element elementor-element-5f640eb6\" data-id=\"5f640eb6\" data-element_type=\"column\">\n\t\t\t<div class=\"elementor-widget-wrap elementor-element-populated\">\n\t\t\t\t\t\t\t\t<div class=\"elementor-element elementor-element-7693199f de_scroll_animation_no elementor-invisible elementor-widget elementor-widget-heading\" data-id=\"7693199f\" data-element_type=\"widget\" data-settings=\"{&quot;_animation&quot;:&quot;fadeInUp&quot;}\" data-widget_type=\"heading.default\">\n\t\t\t\t<div class=\"elementor-widget-container\">\n\t\t\t<style>\/*! elementor - v3.15.0 - 20-08-2023 *\/\n.elementor-heading-title{padding:0;margin:0;line-height:1}.elementor-widget-heading .elementor-heading-title[class*=elementor-size-]>a{color:inherit;font-size:inherit;line-height:inherit}.elementor-widget-heading .elementor-heading-title.elementor-size-small{font-size:15px}.elementor-widget-heading .elementor-heading-title.elementor-size-medium{font-size:19px}.elementor-widget-heading .elementor-heading-title.elementor-size-large{font-size:29px}.elementor-widget-heading .elementor-heading-title.elementor-size-xl{font-size:39px}.elementor-widget-heading .elementor-heading-title.elementor-size-xxl{font-size:59px}<\/style><h1 class=\"elementor-heading-title elementor-size-default\">Informations essentielles<\/h1>\t\t<\/div>\n\t\t\t\t<\/div>\n\t\t\t\t\t<\/div>\n\t\t<\/div>\n\t\t\t\t\t\t\t<\/div>\n\t\t<\/section>\n\t\t\t\t<section class=\"elementor-section elementor-top-section elementor-element elementor-element-16a75a94 elementor-section-boxed elementor-section-height-default elementor-section-height-default tf-sticky-section tf-sticky-no wpr-particle-no wpr-jarallax-no wpr-parallax-no wpr-sticky-section-no\" data-id=\"16a75a94\" data-element_type=\"section\" data-settings=\"{&quot;background_background&quot;:&quot;classic&quot;,&quot;tf_sticky&quot;:&quot;no&quot;,&quot;_ha_eqh_enable&quot;:false}\">\n\t\t\t\t\t\t<div class=\"elementor-container elementor-column-gap-default\">\n\t\t\t\t\t<div class=\"elementor-column elementor-col-100 elementor-top-column elementor-element elementor-element-7765966c\" data-id=\"7765966c\" data-element_type=\"column\">\n\t\t\t<div class=\"elementor-widget-wrap elementor-element-populated\">\n\t\t\t\t\t\t\t\t<section class=\"elementor-section elementor-inner-section elementor-element elementor-element-1a9e7dd elementor-section-boxed elementor-section-height-default elementor-section-height-default tf-sticky-section tf-sticky-no wpr-particle-no wpr-jarallax-no wpr-parallax-no wpr-sticky-section-no\" data-id=\"1a9e7dd\" data-element_type=\"section\" data-settings=\"{&quot;tf_sticky&quot;:&quot;no&quot;,&quot;_ha_eqh_enable&quot;:false}\">\n\t\t\t\t\t\t<div class=\"elementor-container elementor-column-gap-default\">\n\t\t\t\t\t<div class=\"elementor-column elementor-col-100 elementor-inner-column elementor-element elementor-element-7cc619fa\" data-id=\"7cc619fa\" data-element_type=\"column\">\n\t\t\t<div class=\"elementor-widget-wrap elementor-element-populated\">\n\t\t\t\t\t\t\t\t<div class=\"elementor-element elementor-element-32d6eb73 de_scroll_animation_no elementor-widget elementor-widget-heading\" data-id=\"32d6eb73\" data-element_type=\"widget\" data-widget_type=\"heading.default\">\n\t\t\t\t<div class=\"elementor-widget-container\">\n\t\t\t<h6 class=\"elementor-heading-title elementor-size-default\">Conditions g\u00e9n\u00e9rales<\/h6>\t\t<\/div>\n\t\t\t\t<\/div>\n\t\t\t\t<div class=\"elementor-element elementor-element-3ff69fb3 de_scroll_animation_no elementor-widget elementor-widget-text-editor\" data-id=\"3ff69fb3\" data-element_type=\"widget\" data-widget_type=\"text-editor.default\">\n\t\t\t\t<div class=\"elementor-widget-container\">\n\t\t\t<style>\/*! elementor - v3.15.0 - 20-08-2023 *\/\n.elementor-widget-text-editor.elementor-drop-cap-view-stacked .elementor-drop-cap{background-color:#69727d;color:#fff}.elementor-widget-text-editor.elementor-drop-cap-view-framed .elementor-drop-cap{color:#69727d;border:3px solid;background-color:transparent}.elementor-widget-text-editor:not(.elementor-drop-cap-view-default) .elementor-drop-cap{margin-top:8px}.elementor-widget-text-editor:not(.elementor-drop-cap-view-default) .elementor-drop-cap-letter{width:1em;height:1em}.elementor-widget-text-editor .elementor-drop-cap{float:left;text-align:center;line-height:1;font-size:50px}.elementor-widget-text-editor .elementor-drop-cap-letter{display:inline-block}<\/style>\t\t\t\t<p>  &#8211; Arriv\u00e9e : 15:00 (pour arriver \u00e0 une autre heure, veuillez contacter la r\u00e9ception \u00e0 l&#8217;avance) ;<\/p>\n<p>&#8211; D\u00e9part : 8h00 (si vous souhaitez partir \u00e0 une heure diff\u00e9rente, veuillez contacter la r\u00e9ception \u00e0 l&#8217;avance) ;<\/p>\n<p>&#8211; Annulation\/pr\u00e9paiement : les conditions d&#8217;annulation et de pr\u00e9paiement varient en fonction du type de logement. Veuillez saisir les dates de votre s\u00e9jour et v\u00e9rifier les conditions de la chambre que vous avez demand\u00e9e ;<\/p>\n<p>&#8211; Modes de paiement : Maestro, MasterCard, Visa, JCB ;<\/p>\n<p>&#8211; Les f\u00eates\/\u00e9v\u00e9nements ne sont pas autoris\u00e9s<\/p>\n<p>&#8211; Les animaux domestiques ne sont pas autoris\u00e9s.<\/p>\n\t\t\t\t\t\t<\/div>\n\t\t\t\t<\/div>\n\t\t\t\t\t<\/div>\n\t\t<\/div>\n\t\t\t\t\t\t\t<\/div>\n\t\t<\/section>\n\t\t\t\t<div class=\"elementor-element elementor-element-4adea24 de_scroll_animation_no elementor-widget elementor-widget-heading\" data-id=\"4adea24\" data-element_type=\"widget\" data-widget_type=\"heading.default\">\n\t\t\t\t<div class=\"elementor-widget-container\">\n\t\t\t<h6 class=\"elementor-heading-title elementor-size-default\">Conditions pour les enfants<\/h6>\t\t<\/div>\n\t\t\t\t<\/div>\n\t\t\t\t<div class=\"elementor-element elementor-element-e897db9 de_scroll_animation_no elementor-widget elementor-widget-text-editor\" data-id=\"e897db9\" data-element_type=\"widget\" data-widget_type=\"text-editor.default\">\n\t\t\t\t<div class=\"elementor-widget-container\">\n\t\t\t\t\t\t\t<p>Ce logement consid\u00e8re les personnes \u00e2g\u00e9es de 18 ans ou plus comme des adultes.<\/p>\n<p>Pour obtenir les prix exacts et les informations sur l&#8217;occupation, veuillez ajouter le nombre d&#8217;enfants de votre groupe et leur \u00e2ge \u00e0 votre recherche.<\/p>\n<p>De 0 \u00e0 12 ans, un lit suppl\u00e9mentaire co\u00fbte 39 \u20ac (par enfant et par nuit).  <span style=\"font-style: var( --e-global-typography-b2ce6af-font-style ); font-weight: var( --e-global-typography-b2ce6af-font-weight ); letter-spacing: var( --e-global-typography-b2ce6af-letter-spacing ); word-spacing: var( --e-global-typography-b2ce6af-word-spacing );\">Les prix des lits suppl\u00e9mentaires ne sont pas inclus dans le prix total et doivent \u00eatre pay\u00e9s s\u00e9par\u00e9ment pendant le s\u00e9jour.  <\/span><span style=\"font-style: var( --e-global-typography-b2ce6af-font-style ); font-weight: var( --e-global-typography-b2ce6af-font-weight ); letter-spacing: var( --e-global-typography-b2ce6af-letter-spacing ); word-spacing: var( --e-global-typography-b2ce6af-word-spacing );\">Le nombre de lits suppl\u00e9mentaires autoris\u00e9s d\u00e9pend de l&#8217;option choisie. Veuillez v\u00e9rifier l&#8217;option choisie pour plus d&#8217;informations. Tous les lits d&#8217;appoint sont soumis \u00e0 disponibilit\u00e9.<\/span><\/p>\n<p>Il n&#8217;y a pas de lits d&#8217;enfants disponibles dans cette propri\u00e9t\u00e9.<\/p>\n\t\t\t\t\t\t<\/div>\n\t\t\t\t<\/div>\n\t\t\t\t<div class=\"elementor-element elementor-element-fd96670 de_scroll_animation_no elementor-widget elementor-widget-heading\" data-id=\"fd96670\" data-element_type=\"widget\" data-widget_type=\"heading.default\">\n\t\t\t\t<div class=\"elementor-widget-container\">\n\t\t\t<h6 class=\"elementor-heading-title elementor-size-default\">Autres conditions<\/h6>\t\t<\/div>\n\t\t\t\t<\/div>\n\t\t\t\t<div class=\"elementor-element elementor-element-aac865a de_scroll_animation_no elementor-widget elementor-widget-text-editor\" data-id=\"aac865a\" data-element_type=\"widget\" data-widget_type=\"text-editor.default\">\n\t\t\t\t<div class=\"elementor-widget-container\">\n\t\t\t\t\t\t\t<p>La r\u00e9ception est ouverte de 09h00 \u00e0 19h00. L&#8217;enregistrement tardif apr\u00e8s 19h00 peut entra\u00eener un suppl\u00e9ment de 20 \u20ac et doit \u00eatre demand\u00e9 24 heures \u00e0 l&#8217;avance.<\/p>\n<p>Les bagages peuvent \u00eatre conserv\u00e9s avant l&#8217;enregistrement et apr\u00e8s le d\u00e9part.<\/p>\n<p>Veuillez noter que seules les Chambres Doubles Sup\u00e9rieures peuvent accueillir un lit suppl\u00e9mentaire, sur demande pr\u00e9alable et moyennant un suppl\u00e9ment de 39 \u20ac par lit suppl\u00e9mentaire et par nuit. Ce co\u00fbt n&#8217;est pas inclus dans le prix total et doit \u00eatre pay\u00e9 s\u00e9par\u00e9ment pendant le s\u00e9jour.<\/p>\n<p>Les r\u00e9servations ne comprennent que 2 personnes par chambre, \u00e0 l&#8217;exception du lit suppl\u00e9mentaire mentionn\u00e9 ci-dessus. Il est donc obligatoire d&#8217;indiquer l&#8217;\u00e2ge de l&#8217;enfant, sous peine de devoir r\u00e9server une autre chambre. <\/p>\n<p>Veuillez informer \u00c1guamel Sintra, Boutique Guest House \u00e0 l&#8217;avance de l&#8217;heure \u00e0 laquelle vous pr\u00e9voyez d&#8217;arriver. Vous pouvez utiliser la case &#8220;Demandes sp\u00e9ciales&#8221; pendant le processus de r\u00e9servation ou contacter directement la propri\u00e9t\u00e9 en utilisant les coordonn\u00e9es fournies dans votre confirmation.<\/p>\n<p>Cette propri\u00e9t\u00e9 n&#8217;accepte pas les enterrements de vie de gar\u00e7on ou de jeune fille ni les c\u00e9l\u00e9brations similaires.<\/p>\n<p>Num\u00e9ro de licence : <strong>21879\/AL<\/strong><\/p>\n\t\t\t\t\t\t<\/div>\n\t\t\t\t<\/div>\n\t\t\t\t\t<\/div>\n\t\t<\/div>\n\t\t\t\t\t\t\t<\/div>\n\t\t<\/section>\n\t\t\t\t\t\t\t<\/div>\n\t\t","protected":false},"excerpt":{"rendered":"<p>Informations essentielles Conditions g\u00e9n\u00e9rales &#8211; Arriv\u00e9e : 15:00 (pour arriver \u00e0 une autre heure, veuillez contacter la r\u00e9ception \u00e0 l&#8217;avance) ; &#8211; D\u00e9part : 8h00 (si vous souhaitez partir \u00e0 une heure diff\u00e9rente, veuillez contacter la r\u00e9ception \u00e0 l&#8217;avance) ; &#8211; Annulation\/pr\u00e9paiement : les conditions d&#8217;annulation et de pr\u00e9paiement varient en fonction du type de&#8230;<\/p>\n","protected":false},"author":1,"featured_media":0,"parent":0,"menu_order":0,"comment_status":"closed","ping_status":"closed","template":"elementor_header_footer","meta":{"_monsterinsights_skip_tracking":false,"_monsterinsights_sitenote_active":false,"_monsterinsights_sitenote_note":"","_monsterinsights_sitenote_category":0,"footnotes":""},"yoast_head":"<!-- This site is optimized with the Yoast SEO plugin v21.3 - https:\/\/yoast.com\/wordpress\/plugins\/seo\/ -->\n<title>Informations essentielles - \u00c1guamel Sintra<\/title>\n<meta name=\"description\" content=\"Vous trouverez toutes les informations concernant nos chambres Doubles et Doubles Sup\u00e9rieures. Vivez des exp\u00e9riences uniques!\" \/>\n<meta name=\"robots\" content=\"index, follow, max-snippet:-1, max-image-preview:large, max-video-preview:-1\" \/>\n<link rel=\"canonical\" href=\"https:\/\/www.aguamelsintra.com\/fr\/informations-essentielles\/\" \/>\n<meta property=\"og:locale\" content=\"fr_FR\" \/>\n<meta property=\"og:type\" content=\"article\" \/>\n<meta property=\"og:title\" content=\"Informations essentielles - \u00c1guamel Sintra\" \/>\n<meta property=\"og:description\" content=\"Vous trouverez toutes les informations concernant nos chambres Doubles et Doubles Sup\u00e9rieures. Vivez des exp\u00e9riences uniques!\" \/>\n<meta property=\"og:url\" content=\"https:\/\/www.aguamelsintra.com\/fr\/informations-essentielles\/\" \/>\n<meta property=\"og:site_name\" content=\"\u00c1guamel Sintra\" \/>\n<meta property=\"article:publisher\" content=\"https:\/\/www.facebook.com\/profile.php?id=61552552437764\" \/>\n<meta property=\"article:modified_time\" content=\"2023-12-28T15:20:17+00:00\" \/>\n<meta property=\"og:image\" content=\"https:\/\/www.aguamelsintra.com\/wp-content\/uploads\/2023\/03\/LOGO1.png\" \/>\n\t<meta property=\"og:image:width\" content=\"300\" \/>\n\t<meta property=\"og:image:height\" content=\"121\" \/>\n\t<meta property=\"og:image:type\" content=\"image\/png\" \/>\n<meta name=\"twitter:card\" content=\"summary_large_image\" \/>\n<meta name=\"twitter:label1\" content=\"Dur\u00e9e de lecture estim\u00e9e\" \/>\n\t<meta name=\"twitter:data1\" content=\"3 minutes\" \/>\n<script type=\"application\/ld+json\" class=\"yoast-schema-graph\">{\"@context\":\"https:\/\/schema.org\",\"@graph\":[{\"@type\":\"WebPage\",\"@id\":\"https:\/\/www.aguamelsintra.com\/fr\/informations-essentielles\/\",\"url\":\"https:\/\/www.aguamelsintra.com\/fr\/informations-essentielles\/\",\"name\":\"Informations essentielles - \u00c1guamel Sintra\",\"isPartOf\":{\"@id\":\"https:\/\/www.aguamelsintra.com\/fr\/#website\"},\"datePublished\":\"2023-06-21T08:57:56+00:00\",\"dateModified\":\"2023-12-28T15:20:17+00:00\",\"description\":\"Vous trouverez toutes les informations concernant nos chambres Doubles et Doubles Sup\u00e9rieures. Vivez des exp\u00e9riences uniques!\",\"breadcrumb\":{\"@id\":\"https:\/\/www.aguamelsintra.com\/fr\/informations-essentielles\/#breadcrumb\"},\"inLanguage\":\"fr-FR\",\"potentialAction\":[{\"@type\":\"ReadAction\",\"target\":[\"https:\/\/www.aguamelsintra.com\/fr\/informations-essentielles\/\"]}]},{\"@type\":\"BreadcrumbList\",\"@id\":\"https:\/\/www.aguamelsintra.com\/fr\/informations-essentielles\/#breadcrumb\",\"itemListElement\":[{\"@type\":\"ListItem\",\"position\":1,\"name\":\"In\u00edcio\",\"item\":\"https:\/\/www.aguamelsintra.com\/fr\/\"},{\"@type\":\"ListItem\",\"position\":2,\"name\":\"Informations essentielles\"}]},{\"@type\":\"WebSite\",\"@id\":\"https:\/\/www.aguamelsintra.com\/fr\/#website\",\"url\":\"https:\/\/www.aguamelsintra.com\/fr\/\",\"name\":\"\u00c1guamel Sintra\",\"description\":\"A sua Boutique Guest House\",\"publisher\":{\"@id\":\"https:\/\/www.aguamelsintra.com\/fr\/#organization\"},\"alternateName\":\"\u00c1guamel Sintra\",\"potentialAction\":[{\"@type\":\"SearchAction\",\"target\":{\"@type\":\"EntryPoint\",\"urlTemplate\":\"https:\/\/www.aguamelsintra.com\/fr\/?s={search_term_string}\"},\"query-input\":\"required name=search_term_string\"}],\"inLanguage\":\"fr-FR\"},{\"@type\":\"Organization\",\"@id\":\"https:\/\/www.aguamelsintra.com\/fr\/#organization\",\"name\":\"\u00c1guamel Sintra\",\"alternateName\":\"\u00c1guamel Sintra\",\"url\":\"https:\/\/www.aguamelsintra.com\/fr\/\",\"logo\":{\"@type\":\"ImageObject\",\"inLanguage\":\"fr-FR\",\"@id\":\"https:\/\/www.aguamelsintra.com\/fr\/#\/schema\/logo\/image\/\",\"url\":\"https:\/\/www.aguamelsintra.com\/wp-content\/uploads\/2023\/03\/LOGO1.png\",\"contentUrl\":\"https:\/\/www.aguamelsintra.com\/wp-content\/uploads\/2023\/03\/LOGO1.png\",\"width\":300,\"height\":121,\"caption\":\"\u00c1guamel Sintra\"},\"image\":{\"@id\":\"https:\/\/www.aguamelsintra.com\/fr\/#\/schema\/logo\/image\/\"},\"sameAs\":[\"https:\/\/www.facebook.com\/profile.php?id=61552552437764\",\"https:\/\/www.instagram.com\/aguamelsintra\/\"]}]}<\/script>\n<!-- \/ Yoast SEO plugin. -->","yoast_head_json":{"title":"Informations essentielles - \u00c1guamel Sintra","description":"Vous trouverez toutes les informations concernant nos chambres Doubles et Doubles Sup\u00e9rieures. Vivez des exp\u00e9riences uniques!","robots":{"index":"index","follow":"follow","max-snippet":"max-snippet:-1","max-image-preview":"max-image-preview:large","max-video-preview":"max-video-preview:-1"},"canonical":"https:\/\/www.aguamelsintra.com\/fr\/informations-essentielles\/","og_locale":"fr_FR","og_type":"article","og_title":"Informations essentielles - \u00c1guamel Sintra","og_description":"Vous trouverez toutes les informations concernant nos chambres Doubles et Doubles Sup\u00e9rieures. Vivez des exp\u00e9riences uniques!","og_url":"https:\/\/www.aguamelsintra.com\/fr\/informations-essentielles\/","og_site_name":"\u00c1guamel Sintra","article_publisher":"https:\/\/www.facebook.com\/profile.php?id=61552552437764","article_modified_time":"2023-12-28T15:20:17+00:00","og_image":[{"width":300,"height":121,"url":"https:\/\/www.aguamelsintra.com\/wp-content\/uploads\/2023\/03\/LOGO1.png","type":"image\/png"}],"twitter_card":"summary_large_image","twitter_misc":{"Dur\u00e9e de lecture estim\u00e9e":"3 minutes"},"schema":{"@context":"https:\/\/schema.org","@graph":[{"@type":"WebPage","@id":"https:\/\/www.aguamelsintra.com\/fr\/informations-essentielles\/","url":"https:\/\/www.aguamelsintra.com\/fr\/informations-essentielles\/","name":"Informations essentielles - \u00c1guamel Sintra","isPartOf":{"@id":"https:\/\/www.aguamelsintra.com\/fr\/#website"},"datePublished":"2023-06-21T08:57:56+00:00","dateModified":"2023-12-28T15:20:17+00:00","description":"Vous trouverez toutes les informations concernant nos chambres Doubles et Doubles Sup\u00e9rieures. Vivez des exp\u00e9riences uniques!","breadcrumb":{"@id":"https:\/\/www.aguamelsintra.com\/fr\/informations-essentielles\/#breadcrumb"},"inLanguage":"fr-FR","potentialAction":[{"@type":"ReadAction","target":["https:\/\/www.aguamelsintra.com\/fr\/informations-essentielles\/"]}]},{"@type":"BreadcrumbList","@id":"https:\/\/www.aguamelsintra.com\/fr\/informations-essentielles\/#breadcrumb","itemListElement":[{"@type":"ListItem","position":1,"name":"In\u00edcio","item":"https:\/\/www.aguamelsintra.com\/fr\/"},{"@type":"ListItem","position":2,"name":"Informations essentielles"}]},{"@type":"WebSite","@id":"https:\/\/www.aguamelsintra.com\/fr\/#website","url":"https:\/\/www.aguamelsintra.com\/fr\/","name":"\u00c1guamel Sintra","description":"A sua Boutique Guest House","publisher":{"@id":"https:\/\/www.aguamelsintra.com\/fr\/#organization"},"alternateName":"\u00c1guamel Sintra","potentialAction":[{"@type":"SearchAction","target":{"@type":"EntryPoint","urlTemplate":"https:\/\/www.aguamelsintra.com\/fr\/?s={search_term_string}"},"query-input":"required name=search_term_string"}],"inLanguage":"fr-FR"},{"@type":"Organization","@id":"https:\/\/www.aguamelsintra.com\/fr\/#organization","name":"\u00c1guamel Sintra","alternateName":"\u00c1guamel Sintra","url":"https:\/\/www.aguamelsintra.com\/fr\/","logo":{"@type":"ImageObject","inLanguage":"fr-FR","@id":"https:\/\/www.aguamelsintra.com\/fr\/#\/schema\/logo\/image\/","url":"https:\/\/www.aguamelsintra.com\/wp-content\/uploads\/2023\/03\/LOGO1.png","contentUrl":"https:\/\/www.aguamelsintra.com\/wp-content\/uploads\/2023\/03\/LOGO1.png","width":300,"height":121,"caption":"\u00c1guamel Sintra"},"image":{"@id":"https:\/\/www.aguamelsintra.com\/fr\/#\/schema\/logo\/image\/"},"sameAs":["https:\/\/www.facebook.com\/profile.php?id=61552552437764","https:\/\/www.instagram.com\/aguamelsintra\/"]}]}},"_links":{"self":[{"href":"https:\/\/www.aguamelsintra.com\/fr\/wp-json\/wp\/v2\/pages\/17625"}],"collection":[{"href":"https:\/\/www.aguamelsintra.com\/fr\/wp-json\/wp\/v2\/pages"}],"about":[{"href":"https:\/\/www.aguamelsintra.com\/fr\/wp-json\/wp\/v2\/types\/page"}],"author":[{"embeddable":true,"href":"https:\/\/www.aguamelsintra.com\/fr\/wp-json\/wp\/v2\/users\/1"}],"replies":[{"embeddable":true,"href":"https:\/\/www.aguamelsintra.com\/fr\/wp-json\/wp\/v2\/comments?post=17625"}],"version-history":[{"count":3,"href":"https:\/\/www.aguamelsintra.com\/fr\/wp-json\/wp\/v2\/pages\/17625\/revisions"}],"predecessor-version":[{"id":18782,"href":"https:\/\/www.aguamelsintra.com\/fr\/wp-json\/wp\/v2\/pages\/17625\/revisions\/18782"}],"wp:attachment":[{"href":"https:\/\/www.aguamelsintra.com\/fr\/wp-json\/wp\/v2\/media?parent=17625"}],"curies":[{"name":"wp","href":"https:\/\/api.w.org\/{rel}","templated":true}]}}