{"id":17555,"date":"2023-05-02T11:05:40","date_gmt":"2023-05-02T11:05:40","guid":{"rendered":"https:\/\/www.aguamelsintra.com\/chariot\/"},"modified":"2023-12-28T15:12:13","modified_gmt":"2023-12-28T15:12:13","slug":"chariot","status":"publish","type":"page","link":"https:\/\/www.aguamelsintra.com\/fr\/chariot\/","title":{"rendered":"Chariot"},"content":{"rendered":"\t\t<div data-elementor-type=\"wp-page\" data-elementor-id=\"17555\" class=\"elementor elementor-17555 elementor-3898\" data-elementor-post-type=\"page\">\n\t\t\t\t\t\t\t\t\t<section class=\"elementor-section elementor-top-section elementor-element elementor-element-f5eda2d elementor-section-boxed elementor-section-height-default elementor-section-height-default tf-sticky-section tf-sticky-no wpr-particle-no wpr-jarallax-no wpr-parallax-no wpr-sticky-section-no\" data-id=\"f5eda2d\" data-element_type=\"section\" data-settings=\"{&quot;tf_sticky&quot;:&quot;no&quot;,&quot;_ha_eqh_enable&quot;:false}\">\n\t\t\t\t\t\t<div class=\"elementor-container elementor-column-gap-default\">\n\t\t\t\t\t<div class=\"elementor-column elementor-col-100 elementor-top-column elementor-element elementor-element-2015676a\" data-id=\"2015676a\" data-element_type=\"column\">\n\t\t\t<div class=\"elementor-widget-wrap elementor-element-populated\">\n\t\t\t\t\t\t\t\t\t<\/div>\n\t\t<\/div>\n\t\t\t\t\t\t\t<\/div>\n\t\t<\/section>\n\t\t\t\t\t\t\t<\/div>\n\t\t","protected":false},"excerpt":{"rendered":"","protected":false},"author":1,"featured_media":0,"parent":0,"menu_order":0,"comment_status":"closed","ping_status":"closed","template":"","meta":{"_monsterinsights_skip_tracking":false,"_monsterinsights_sitenote_active":false,"_monsterinsights_sitenote_note":"","_monsterinsights_sitenote_category":0,"footnotes":""},"yoast_head":"<!-- This site is optimized with the Yoast SEO plugin v21.3 - https:\/\/yoast.com\/wordpress\/plugins\/seo\/ -->\n<title>Chariot - \u00c1guamel Sintra<\/title>\n<meta name=\"description\" content=\"Vous trouverez ici un r\u00e9capitulatif de vos achats sur le site web d&#039;\u00c1guamel Sintra. Vivez des exp\u00e9riences uniques!\" \/>\n<meta name=\"robots\" content=\"index, follow, max-snippet:-1, max-image-preview:large, max-video-preview:-1\" \/>\n<link rel=\"canonical\" href=\"https:\/\/www.aguamelsintra.com\/fr\/chariot\/\" \/>\n<meta property=\"og:locale\" content=\"fr_FR\" \/>\n<meta property=\"og:type\" content=\"article\" \/>\n<meta property=\"og:title\" content=\"Chariot - \u00c1guamel Sintra\" \/>\n<meta property=\"og:description\" content=\"Vous trouverez ici un r\u00e9capitulatif de vos achats sur le site web d&#039;\u00c1guamel Sintra. Vivez des exp\u00e9riences uniques!\" \/>\n<meta property=\"og:url\" content=\"https:\/\/www.aguamelsintra.com\/fr\/chariot\/\" \/>\n<meta property=\"og:site_name\" content=\"\u00c1guamel Sintra\" \/>\n<meta property=\"article:publisher\" content=\"https:\/\/www.facebook.com\/profile.php?id=61552552437764\" \/>\n<meta property=\"article:modified_time\" content=\"2023-12-28T15:12:13+00:00\" \/>\n<meta property=\"og:image\" content=\"https:\/\/www.aguamelsintra.com\/wp-content\/uploads\/2023\/03\/LOGO1.png\" \/>\n\t<meta property=\"og:image:width\" content=\"300\" \/>\n\t<meta property=\"og:image:height\" content=\"121\" \/>\n\t<meta property=\"og:image:type\" content=\"image\/png\" \/>\n<meta name=\"twitter:card\" content=\"summary_large_image\" \/>\n<script type=\"application\/ld+json\" class=\"yoast-schema-graph\">{\"@context\":\"https:\/\/schema.org\",\"@graph\":[{\"@type\":\"WebPage\",\"@id\":\"https:\/\/www.aguamelsintra.com\/fr\/chariot\/\",\"url\":\"https:\/\/www.aguamelsintra.com\/fr\/chariot\/\",\"name\":\"Chariot - \u00c1guamel Sintra\",\"isPartOf\":{\"@id\":\"https:\/\/www.aguamelsintra.com\/fr\/#website\"},\"datePublished\":\"2023-05-02T11:05:40+00:00\",\"dateModified\":\"2023-12-28T15:12:13+00:00\",\"description\":\"Vous trouverez ici un r\u00e9capitulatif de vos achats sur le site web d'\u00c1guamel Sintra. Vivez des exp\u00e9riences uniques!\",\"breadcrumb\":{\"@id\":\"https:\/\/www.aguamelsintra.com\/fr\/chariot\/#breadcrumb\"},\"inLanguage\":\"fr-FR\",\"potentialAction\":[{\"@type\":\"ReadAction\",\"target\":[\"https:\/\/www.aguamelsintra.com\/fr\/chariot\/\"]}]},{\"@type\":\"BreadcrumbList\",\"@id\":\"https:\/\/www.aguamelsintra.com\/fr\/chariot\/#breadcrumb\",\"itemListElement\":[{\"@type\":\"ListItem\",\"position\":1,\"name\":\"In\u00edcio\",\"item\":\"https:\/\/www.aguamelsintra.com\/fr\/\"},{\"@type\":\"ListItem\",\"position\":2,\"name\":\"Chariot\"}]},{\"@type\":\"WebSite\",\"@id\":\"https:\/\/www.aguamelsintra.com\/fr\/#website\",\"url\":\"https:\/\/www.aguamelsintra.com\/fr\/\",\"name\":\"\u00c1guamel Sintra\",\"description\":\"A sua Boutique Guest House\",\"publisher\":{\"@id\":\"https:\/\/www.aguamelsintra.com\/fr\/#organization\"},\"alternateName\":\"\u00c1guamel Sintra\",\"potentialAction\":[{\"@type\":\"SearchAction\",\"target\":{\"@type\":\"EntryPoint\",\"urlTemplate\":\"https:\/\/www.aguamelsintra.com\/fr\/?s={search_term_string}\"},\"query-input\":\"required name=search_term_string\"}],\"inLanguage\":\"fr-FR\"},{\"@type\":\"Organization\",\"@id\":\"https:\/\/www.aguamelsintra.com\/fr\/#organization\",\"name\":\"\u00c1guamel Sintra\",\"alternateName\":\"\u00c1guamel Sintra\",\"url\":\"https:\/\/www.aguamelsintra.com\/fr\/\",\"logo\":{\"@type\":\"ImageObject\",\"inLanguage\":\"fr-FR\",\"@id\":\"https:\/\/www.aguamelsintra.com\/fr\/#\/schema\/logo\/image\/\",\"url\":\"https:\/\/www.aguamelsintra.com\/wp-content\/uploads\/2023\/03\/LOGO1.png\",\"contentUrl\":\"https:\/\/www.aguamelsintra.com\/wp-content\/uploads\/2023\/03\/LOGO1.png\",\"width\":300,\"height\":121,\"caption\":\"\u00c1guamel Sintra\"},\"image\":{\"@id\":\"https:\/\/www.aguamelsintra.com\/fr\/#\/schema\/logo\/image\/\"},\"sameAs\":[\"https:\/\/www.facebook.com\/profile.php?id=61552552437764\",\"https:\/\/www.instagram.com\/aguamelsintra\/\"]}]}<\/script>\n<!-- \/ Yoast SEO plugin. -->","yoast_head_json":{"title":"Chariot - \u00c1guamel Sintra","description":"Vous trouverez ici un r\u00e9capitulatif de vos achats sur le site web d'\u00c1guamel Sintra. Vivez des exp\u00e9riences uniques!","robots":{"index":"index","follow":"follow","max-snippet":"max-snippet:-1","max-image-preview":"max-image-preview:large","max-video-preview":"max-video-preview:-1"},"canonical":"https:\/\/www.aguamelsintra.com\/fr\/chariot\/","og_locale":"fr_FR","og_type":"article","og_title":"Chariot - \u00c1guamel Sintra","og_description":"Vous trouverez ici un r\u00e9capitulatif de vos achats sur le site web d'\u00c1guamel Sintra. Vivez des exp\u00e9riences uniques!","og_url":"https:\/\/www.aguamelsintra.com\/fr\/chariot\/","og_site_name":"\u00c1guamel Sintra","article_publisher":"https:\/\/www.facebook.com\/profile.php?id=61552552437764","article_modified_time":"2023-12-28T15:12:13+00:00","og_image":[{"width":300,"height":121,"url":"https:\/\/www.aguamelsintra.com\/wp-content\/uploads\/2023\/03\/LOGO1.png","type":"image\/png"}],"twitter_card":"summary_large_image","schema":{"@context":"https:\/\/schema.org","@graph":[{"@type":"WebPage","@id":"https:\/\/www.aguamelsintra.com\/fr\/chariot\/","url":"https:\/\/www.aguamelsintra.com\/fr\/chariot\/","name":"Chariot - \u00c1guamel Sintra","isPartOf":{"@id":"https:\/\/www.aguamelsintra.com\/fr\/#website"},"datePublished":"2023-05-02T11:05:40+00:00","dateModified":"2023-12-28T15:12:13+00:00","description":"Vous trouverez ici un r\u00e9capitulatif de vos achats sur le site web d'\u00c1guamel Sintra. Vivez des exp\u00e9riences uniques!","breadcrumb":{"@id":"https:\/\/www.aguamelsintra.com\/fr\/chariot\/#breadcrumb"},"inLanguage":"fr-FR","potentialAction":[{"@type":"ReadAction","target":["https:\/\/www.aguamelsintra.com\/fr\/chariot\/"]}]},{"@type":"BreadcrumbList","@id":"https:\/\/www.aguamelsintra.com\/fr\/chariot\/#breadcrumb","itemListElement":[{"@type":"ListItem","position":1,"name":"In\u00edcio","item":"https:\/\/www.aguamelsintra.com\/fr\/"},{"@type":"ListItem","position":2,"name":"Chariot"}]},{"@type":"WebSite","@id":"https:\/\/www.aguamelsintra.com\/fr\/#website","url":"https:\/\/www.aguamelsintra.com\/fr\/","name":"\u00c1guamel Sintra","description":"A sua Boutique Guest House","publisher":{"@id":"https:\/\/www.aguamelsintra.com\/fr\/#organization"},"alternateName":"\u00c1guamel Sintra","potentialAction":[{"@type":"SearchAction","target":{"@type":"EntryPoint","urlTemplate":"https:\/\/www.aguamelsintra.com\/fr\/?s={search_term_string}"},"query-input":"required name=search_term_string"}],"inLanguage":"fr-FR"},{"@type":"Organization","@id":"https:\/\/www.aguamelsintra.com\/fr\/#organization","name":"\u00c1guamel Sintra","alternateName":"\u00c1guamel Sintra","url":"https:\/\/www.aguamelsintra.com\/fr\/","logo":{"@type":"ImageObject","inLanguage":"fr-FR","@id":"https:\/\/www.aguamelsintra.com\/fr\/#\/schema\/logo\/image\/","url":"https:\/\/www.aguamelsintra.com\/wp-content\/uploads\/2023\/03\/LOGO1.png","contentUrl":"https:\/\/www.aguamelsintra.com\/wp-content\/uploads\/2023\/03\/LOGO1.png","width":300,"height":121,"caption":"\u00c1guamel Sintra"},"image":{"@id":"https:\/\/www.aguamelsintra.com\/fr\/#\/schema\/logo\/image\/"},"sameAs":["https:\/\/www.facebook.com\/profile.php?id=61552552437764","https:\/\/www.instagram.com\/aguamelsintra\/"]}]}},"_links":{"self":[{"href":"https:\/\/www.aguamelsintra.com\/fr\/wp-json\/wp\/v2\/pages\/17555"}],"collection":[{"href":"https:\/\/www.aguamelsintra.com\/fr\/wp-json\/wp\/v2\/pages"}],"about":[{"href":"https:\/\/www.aguamelsintra.com\/fr\/wp-json\/wp\/v2\/types\/page"}],"author":[{"embeddable":true,"href":"https:\/\/www.aguamelsintra.com\/fr\/wp-json\/wp\/v2\/users\/1"}],"replies":[{"embeddable":true,"href":"https:\/\/www.aguamelsintra.com\/fr\/wp-json\/wp\/v2\/comments?post=17555"}],"version-history":[{"count":1,"href":"https:\/\/www.aguamelsintra.com\/fr\/wp-json\/wp\/v2\/pages\/17555\/revisions"}],"predecessor-version":[{"id":17556,"href":"https:\/\/www.aguamelsintra.com\/fr\/wp-json\/wp\/v2\/pages\/17555\/revisions\/17556"}],"wp:attachment":[{"href":"https:\/\/www.aguamelsintra.com\/fr\/wp-json\/wp\/v2\/media?parent=17555"}],"curies":[{"name":"wp","href":"https:\/\/api.w.org\/{rel}","templated":true}]}}