{"id":18300,"date":"2023-09-18T15:28:51","date_gmt":"2023-09-18T15:28:51","guid":{"rendered":"https:\/\/www.aguamelsintra.com\/product\/bono-habitacion-doble-superior\/"},"modified":"2023-10-25T22:33:29","modified_gmt":"2023-10-25T22:33:29","slug":"vale-habitacione-doble-superior","status":"publish","type":"product","link":"https:\/\/www.aguamelsintra.com\/es\/product\/vale-habitacione-doble-superior\/","title":{"rendered":"Vale Habitaci\u00f3n Doble Superior"},"content":{"rendered":"<ul>\n<li>Habitaciones disponibles: Flor de Naranka y Flor de Brezo<\/li>\n<li>Incluye experiencia de t\u00e9, tarta casera y selecci\u00f3n de t\u00e9s<\/li>\n<li>No incluye la temporada alta (mayo-octubre) ni las fechas festivas.<\/li>\n<li>Camas supletorias sujetas a pago adicional<\/li>\n<li>El vale se enviar\u00e1 48 horas m\u00e1s tarde a la direcci\u00f3n de correo electr\u00f3nico facilitada.<\/li>\n<li>Reserva previa obligatoria<\/li>\n<li>El vale debe entregarse en el momento de la facturaci\u00f3n<\/li>\n<li>A falta de bono, la estancia se facturar\u00e1 seg\u00fan la tarifa diaria.<\/li>\n<li>El vale no es acumulable con otros vales, descuentos o promociones.<\/li>\n<li>El vale se considerar\u00e1 utilizado en caso de cancelaci\u00f3n tard\u00eda<\/li>\n<li>En caso de no presentarse, el vale se considerar\u00e1 utilizado.<\/li>\n<li>Pol\u00edtica de cancelaci\u00f3n: 72 horas antes de la fecha prevista de llegada<\/li>\n<\/ul>\n","protected":false},"excerpt":{"rendered":"<p>Vale por una noche en una de nuestras habitaciones dobles superiores.<\/p>\n","protected":false},"featured_media":18618,"template":"","meta":{"_monsterinsights_skip_tracking":false,"_monsterinsights_sitenote_active":false,"_monsterinsights_sitenote_note":"","_monsterinsights_sitenote_category":0},"product_cat":[90],"product_tag":[92,91],"yoast_head":"<!-- This site is optimized with the Yoast SEO plugin v21.3 - https:\/\/yoast.com\/wordpress\/plugins\/seo\/ -->\n<title>Vale Habitaci\u00f3n Doble Superior - \u00c1guamel Sintra<\/title>\n<meta name=\"robots\" content=\"index, follow, max-snippet:-1, max-image-preview:large, max-video-preview:-1\" \/>\n<link rel=\"canonical\" href=\"https:\/\/www.aguamelsintra.com\/es\/product\/vale-habitacione-doble-superior\/\" \/>\n<meta property=\"og:locale\" content=\"es_ES\" \/>\n<meta property=\"og:type\" content=\"article\" \/>\n<meta property=\"og:title\" content=\"Vale Habitaci\u00f3n Doble Superior - \u00c1guamel Sintra\" \/>\n<meta property=\"og:description\" content=\"Vale por una noche en una de nuestras habitaciones dobles superiores.\" \/>\n<meta property=\"og:url\" content=\"https:\/\/www.aguamelsintra.com\/es\/product\/vale-habitacione-doble-superior\/\" \/>\n<meta property=\"og:site_name\" content=\"\u00c1guamel Sintra\" \/>\n<meta property=\"article:publisher\" content=\"https:\/\/www.facebook.com\/profile.php?id=61552552437764\" \/>\n<meta property=\"article:modified_time\" content=\"2023-10-25T22:33:29+00:00\" \/>\n<meta property=\"og:image\" content=\"https:\/\/www.aguamelsintra.com\/wp-content\/uploads\/2023\/06\/Flor-de-Laranjeira_2-1024x682.jpg\" \/>\n\t<meta property=\"og:image:width\" content=\"1024\" \/>\n\t<meta property=\"og:image:height\" content=\"682\" \/>\n\t<meta property=\"og:image:type\" content=\"image\/jpeg\" \/>\n<meta name=\"twitter:card\" content=\"summary_large_image\" \/>\n<meta name=\"twitter:label1\" content=\"Tiempo de lectura\" \/>\n\t<meta name=\"twitter:data1\" content=\"1 minuto\" \/>\n<script type=\"application\/ld+json\" class=\"yoast-schema-graph\">{\"@context\":\"https:\/\/schema.org\",\"@graph\":[{\"@type\":\"WebPage\",\"@id\":\"https:\/\/www.aguamelsintra.com\/es\/product\/vale-habitacione-doble-superior\/\",\"url\":\"https:\/\/www.aguamelsintra.com\/es\/product\/vale-habitacione-doble-superior\/\",\"name\":\"Vale Habitaci\u00f3n Doble Superior - \u00c1guamel Sintra\",\"isPartOf\":{\"@id\":\"https:\/\/www.aguamelsintra.com\/es\/#website\"},\"datePublished\":\"2023-09-18T15:28:51+00:00\",\"dateModified\":\"2023-10-25T22:33:29+00:00\",\"breadcrumb\":{\"@id\":\"https:\/\/www.aguamelsintra.com\/es\/product\/vale-habitacione-doble-superior\/#breadcrumb\"},\"inLanguage\":\"es\",\"potentialAction\":[{\"@type\":\"ReadAction\",\"target\":[\"https:\/\/www.aguamelsintra.com\/es\/product\/vale-habitacione-doble-superior\/\"]}]},{\"@type\":\"BreadcrumbList\",\"@id\":\"https:\/\/www.aguamelsintra.com\/es\/product\/vale-habitacione-doble-superior\/#breadcrumb\",\"itemListElement\":[{\"@type\":\"ListItem\",\"position\":1,\"name\":\"In\u00edcio\",\"item\":\"https:\/\/www.aguamelsintra.com\/es\/\"},{\"@type\":\"ListItem\",\"position\":2,\"name\":\"Shop\",\"item\":\"https:\/\/www.aguamelsintra.com\/?page_id=3897\"},{\"@type\":\"ListItem\",\"position\":3,\"name\":\"Vale Habitaci\u00f3n Doble Superior\"}]},{\"@type\":\"WebSite\",\"@id\":\"https:\/\/www.aguamelsintra.com\/es\/#website\",\"url\":\"https:\/\/www.aguamelsintra.com\/es\/\",\"name\":\"\u00c1guamel Sintra\",\"description\":\"A sua Boutique Guest House\",\"publisher\":{\"@id\":\"https:\/\/www.aguamelsintra.com\/es\/#organization\"},\"alternateName\":\"\u00c1guamel Sintra\",\"potentialAction\":[{\"@type\":\"SearchAction\",\"target\":{\"@type\":\"EntryPoint\",\"urlTemplate\":\"https:\/\/www.aguamelsintra.com\/es\/?s={search_term_string}\"},\"query-input\":\"required name=search_term_string\"}],\"inLanguage\":\"es\"},{\"@type\":\"Organization\",\"@id\":\"https:\/\/www.aguamelsintra.com\/es\/#organization\",\"name\":\"\u00c1guamel Sintra\",\"alternateName\":\"\u00c1guamel Sintra\",\"url\":\"https:\/\/www.aguamelsintra.com\/es\/\",\"logo\":{\"@type\":\"ImageObject\",\"inLanguage\":\"es\",\"@id\":\"https:\/\/www.aguamelsintra.com\/es\/#\/schema\/logo\/image\/\",\"url\":\"https:\/\/www.aguamelsintra.com\/wp-content\/uploads\/2023\/03\/LOGO1.png\",\"contentUrl\":\"https:\/\/www.aguamelsintra.com\/wp-content\/uploads\/2023\/03\/LOGO1.png\",\"width\":300,\"height\":121,\"caption\":\"\u00c1guamel Sintra\"},\"image\":{\"@id\":\"https:\/\/www.aguamelsintra.com\/es\/#\/schema\/logo\/image\/\"},\"sameAs\":[\"https:\/\/www.facebook.com\/profile.php?id=61552552437764\",\"https:\/\/www.instagram.com\/aguamelsintra\/\"]}]}<\/script>\n<!-- \/ Yoast SEO plugin. -->","yoast_head_json":{"title":"Vale Habitaci\u00f3n Doble Superior - \u00c1guamel Sintra","robots":{"index":"index","follow":"follow","max-snippet":"max-snippet:-1","max-image-preview":"max-image-preview:large","max-video-preview":"max-video-preview:-1"},"canonical":"https:\/\/www.aguamelsintra.com\/es\/product\/vale-habitacione-doble-superior\/","og_locale":"es_ES","og_type":"article","og_title":"Vale Habitaci\u00f3n Doble Superior - \u00c1guamel Sintra","og_description":"Vale por una noche en una de nuestras habitaciones dobles superiores.","og_url":"https:\/\/www.aguamelsintra.com\/es\/product\/vale-habitacione-doble-superior\/","og_site_name":"\u00c1guamel Sintra","article_publisher":"https:\/\/www.facebook.com\/profile.php?id=61552552437764","article_modified_time":"2023-10-25T22:33:29+00:00","og_image":[{"width":1024,"height":682,"url":"https:\/\/www.aguamelsintra.com\/wp-content\/uploads\/2023\/06\/Flor-de-Laranjeira_2-1024x682.jpg","type":"image\/jpeg"}],"twitter_card":"summary_large_image","twitter_misc":{"Tiempo de lectura":"1 minuto"},"schema":{"@context":"https:\/\/schema.org","@graph":[{"@type":"WebPage","@id":"https:\/\/www.aguamelsintra.com\/es\/product\/vale-habitacione-doble-superior\/","url":"https:\/\/www.aguamelsintra.com\/es\/product\/vale-habitacione-doble-superior\/","name":"Vale Habitaci\u00f3n Doble Superior - \u00c1guamel Sintra","isPartOf":{"@id":"https:\/\/www.aguamelsintra.com\/es\/#website"},"datePublished":"2023-09-18T15:28:51+00:00","dateModified":"2023-10-25T22:33:29+00:00","breadcrumb":{"@id":"https:\/\/www.aguamelsintra.com\/es\/product\/vale-habitacione-doble-superior\/#breadcrumb"},"inLanguage":"es","potentialAction":[{"@type":"ReadAction","target":["https:\/\/www.aguamelsintra.com\/es\/product\/vale-habitacione-doble-superior\/"]}]},{"@type":"BreadcrumbList","@id":"https:\/\/www.aguamelsintra.com\/es\/product\/vale-habitacione-doble-superior\/#breadcrumb","itemListElement":[{"@type":"ListItem","position":1,"name":"In\u00edcio","item":"https:\/\/www.aguamelsintra.com\/es\/"},{"@type":"ListItem","position":2,"name":"Shop","item":"https:\/\/www.aguamelsintra.com\/?page_id=3897"},{"@type":"ListItem","position":3,"name":"Vale Habitaci\u00f3n Doble Superior"}]},{"@type":"WebSite","@id":"https:\/\/www.aguamelsintra.com\/es\/#website","url":"https:\/\/www.aguamelsintra.com\/es\/","name":"\u00c1guamel Sintra","description":"A sua Boutique Guest House","publisher":{"@id":"https:\/\/www.aguamelsintra.com\/es\/#organization"},"alternateName":"\u00c1guamel Sintra","potentialAction":[{"@type":"SearchAction","target":{"@type":"EntryPoint","urlTemplate":"https:\/\/www.aguamelsintra.com\/es\/?s={search_term_string}"},"query-input":"required name=search_term_string"}],"inLanguage":"es"},{"@type":"Organization","@id":"https:\/\/www.aguamelsintra.com\/es\/#organization","name":"\u00c1guamel Sintra","alternateName":"\u00c1guamel Sintra","url":"https:\/\/www.aguamelsintra.com\/es\/","logo":{"@type":"ImageObject","inLanguage":"es","@id":"https:\/\/www.aguamelsintra.com\/es\/#\/schema\/logo\/image\/","url":"https:\/\/www.aguamelsintra.com\/wp-content\/uploads\/2023\/03\/LOGO1.png","contentUrl":"https:\/\/www.aguamelsintra.com\/wp-content\/uploads\/2023\/03\/LOGO1.png","width":300,"height":121,"caption":"\u00c1guamel Sintra"},"image":{"@id":"https:\/\/www.aguamelsintra.com\/es\/#\/schema\/logo\/image\/"},"sameAs":["https:\/\/www.facebook.com\/profile.php?id=61552552437764","https:\/\/www.instagram.com\/aguamelsintra\/"]}]}},"_links":{"self":[{"href":"https:\/\/www.aguamelsintra.com\/es\/wp-json\/wp\/v2\/product\/18300"}],"collection":[{"href":"https:\/\/www.aguamelsintra.com\/es\/wp-json\/wp\/v2\/product"}],"about":[{"href":"https:\/\/www.aguamelsintra.com\/es\/wp-json\/wp\/v2\/types\/product"}],"wp:featuredmedia":[{"embeddable":true,"href":"https:\/\/www.aguamelsintra.com\/es\/wp-json\/wp\/v2\/media\/18618"}],"wp:attachment":[{"href":"https:\/\/www.aguamelsintra.com\/es\/wp-json\/wp\/v2\/media?parent=18300"}],"wp:term":[{"taxonomy":"product_cat","embeddable":true,"href":"https:\/\/www.aguamelsintra.com\/es\/wp-json\/wp\/v2\/product_cat?post=18300"},{"taxonomy":"product_tag","embeddable":true,"href":"https:\/\/www.aguamelsintra.com\/es\/wp-json\/wp\/v2\/product_tag?post=18300"}],"curies":[{"name":"wp","href":"https:\/\/api.w.org\/{rel}","templated":true}]}}