{"id":17663,"date":"2023-06-21T08:57:56","date_gmt":"2023-06-21T08:57:56","guid":{"rendered":"https:\/\/www.aguamelsintra.com\/informacion-esencial\/"},"modified":"2023-12-28T14:53:14","modified_gmt":"2023-12-28T14:53:14","slug":"informacion-esencial","status":"publish","type":"page","link":"https:\/\/www.aguamelsintra.com\/es\/informacion-esencial\/","title":{"rendered":"Informaci\u00f3n esencial"},"content":{"rendered":"\t\t<div data-elementor-type=\"wp-page\" data-elementor-id=\"17663\" class=\"elementor elementor-17663 elementor-7458\" data-elementor-post-type=\"page\">\n\t\t\t\t\t\t\t\t\t<section class=\"elementor-section elementor-top-section elementor-element elementor-element-4dcbf156 elementor-section-height-min-height elementor-section-boxed elementor-section-height-default elementor-section-items-middle tf-sticky-section tf-sticky-no wpr-particle-no wpr-jarallax-no wpr-parallax-no wpr-sticky-section-no\" data-id=\"4dcbf156\" data-element_type=\"section\" data-settings=\"{&quot;background_background&quot;:&quot;classic&quot;,&quot;animation&quot;:&quot;none&quot;,&quot;tf_sticky&quot;:&quot;no&quot;,&quot;_ha_eqh_enable&quot;:false}\">\n\t\t\t\t\t\t\t<div class=\"elementor-background-overlay\"><\/div>\n\t\t\t\t\t\t\t<div class=\"elementor-container elementor-column-gap-default\">\n\t\t\t\t\t<div class=\"elementor-column elementor-col-100 elementor-top-column elementor-element elementor-element-5f640eb6\" data-id=\"5f640eb6\" data-element_type=\"column\">\n\t\t\t<div class=\"elementor-widget-wrap elementor-element-populated\">\n\t\t\t\t\t\t\t\t<div class=\"elementor-element elementor-element-7693199f de_scroll_animation_no elementor-invisible elementor-widget elementor-widget-heading\" data-id=\"7693199f\" data-element_type=\"widget\" data-settings=\"{&quot;_animation&quot;:&quot;fadeInUp&quot;}\" data-widget_type=\"heading.default\">\n\t\t\t\t<div class=\"elementor-widget-container\">\n\t\t\t<style>\/*! elementor - v3.15.0 - 20-08-2023 *\/\n.elementor-heading-title{padding:0;margin:0;line-height:1}.elementor-widget-heading .elementor-heading-title[class*=elementor-size-]>a{color:inherit;font-size:inherit;line-height:inherit}.elementor-widget-heading .elementor-heading-title.elementor-size-small{font-size:15px}.elementor-widget-heading .elementor-heading-title.elementor-size-medium{font-size:19px}.elementor-widget-heading .elementor-heading-title.elementor-size-large{font-size:29px}.elementor-widget-heading .elementor-heading-title.elementor-size-xl{font-size:39px}.elementor-widget-heading .elementor-heading-title.elementor-size-xxl{font-size:59px}<\/style><h1 class=\"elementor-heading-title elementor-size-default\">Informaci\u00f3n esencial<\/h1>\t\t<\/div>\n\t\t\t\t<\/div>\n\t\t\t\t\t<\/div>\n\t\t<\/div>\n\t\t\t\t\t\t\t<\/div>\n\t\t<\/section>\n\t\t\t\t<section class=\"elementor-section elementor-top-section elementor-element elementor-element-16a75a94 elementor-section-boxed elementor-section-height-default elementor-section-height-default tf-sticky-section tf-sticky-no wpr-particle-no wpr-jarallax-no wpr-parallax-no wpr-sticky-section-no\" data-id=\"16a75a94\" data-element_type=\"section\" data-settings=\"{&quot;background_background&quot;:&quot;classic&quot;,&quot;tf_sticky&quot;:&quot;no&quot;,&quot;_ha_eqh_enable&quot;:false}\">\n\t\t\t\t\t\t<div class=\"elementor-container elementor-column-gap-default\">\n\t\t\t\t\t<div class=\"elementor-column elementor-col-100 elementor-top-column elementor-element elementor-element-7765966c\" data-id=\"7765966c\" data-element_type=\"column\">\n\t\t\t<div class=\"elementor-widget-wrap elementor-element-populated\">\n\t\t\t\t\t\t\t\t<section class=\"elementor-section elementor-inner-section elementor-element elementor-element-1a9e7dd elementor-section-boxed elementor-section-height-default elementor-section-height-default tf-sticky-section tf-sticky-no wpr-particle-no wpr-jarallax-no wpr-parallax-no wpr-sticky-section-no\" data-id=\"1a9e7dd\" data-element_type=\"section\" data-settings=\"{&quot;tf_sticky&quot;:&quot;no&quot;,&quot;_ha_eqh_enable&quot;:false}\">\n\t\t\t\t\t\t<div class=\"elementor-container elementor-column-gap-default\">\n\t\t\t\t\t<div class=\"elementor-column elementor-col-100 elementor-inner-column elementor-element elementor-element-7cc619fa\" data-id=\"7cc619fa\" data-element_type=\"column\">\n\t\t\t<div class=\"elementor-widget-wrap elementor-element-populated\">\n\t\t\t\t\t\t\t\t<div class=\"elementor-element elementor-element-32d6eb73 de_scroll_animation_no elementor-widget elementor-widget-heading\" data-id=\"32d6eb73\" data-element_type=\"widget\" data-widget_type=\"heading.default\">\n\t\t\t\t<div class=\"elementor-widget-container\">\n\t\t\t<h6 class=\"elementor-heading-title elementor-size-default\">Condiciones generales<\/h6>\t\t<\/div>\n\t\t\t\t<\/div>\n\t\t\t\t<div class=\"elementor-element elementor-element-3ff69fb3 de_scroll_animation_no elementor-widget elementor-widget-text-editor\" data-id=\"3ff69fb3\" data-element_type=\"widget\" data-widget_type=\"text-editor.default\">\n\t\t\t\t<div class=\"elementor-widget-container\">\n\t\t\t<style>\/*! elementor - v3.15.0 - 20-08-2023 *\/\n.elementor-widget-text-editor.elementor-drop-cap-view-stacked .elementor-drop-cap{background-color:#69727d;color:#fff}.elementor-widget-text-editor.elementor-drop-cap-view-framed .elementor-drop-cap{color:#69727d;border:3px solid;background-color:transparent}.elementor-widget-text-editor:not(.elementor-drop-cap-view-default) .elementor-drop-cap{margin-top:8px}.elementor-widget-text-editor:not(.elementor-drop-cap-view-default) .elementor-drop-cap-letter{width:1em;height:1em}.elementor-widget-text-editor .elementor-drop-cap{float:left;text-align:center;line-height:1;font-size:50px}.elementor-widget-text-editor .elementor-drop-cap-letter{display:inline-block}<\/style>\t\t\t\t<p>  &#8211; Registro: 15:00 (para registrarse a una hora diferente, p\u00f3ngase en contacto con la recepci\u00f3n con antelaci\u00f3n);<\/p>\n<p>&#8211; Hora de salida: 8:00 (si desea salir a una hora diferente, p\u00f3ngase en contacto con la recepci\u00f3n con antelaci\u00f3n);<\/p>\n<p>&#8211; Cancelaci\u00f3n\/pago por adelantado: las condiciones de cancelaci\u00f3n y pago por adelantado var\u00edan seg\u00fan el tipo de alojamiento. Introduzca las fechas de su estancia y compruebe las condiciones de la habitaci\u00f3n que ha solicitado;<\/p>\n<p>&#8211; Formas de pago: Maestro, MasterCard, Visa, JCB;<\/p>\n<p>&#8211; No se permiten fiestas\/eventos<\/p>\n<p>&#8211; No se admiten animales de compa\u00f1\u00eda.<\/p>\n\t\t\t\t\t\t<\/div>\n\t\t\t\t<\/div>\n\t\t\t\t\t<\/div>\n\t\t<\/div>\n\t\t\t\t\t\t\t<\/div>\n\t\t<\/section>\n\t\t\t\t<div class=\"elementor-element elementor-element-4adea24 de_scroll_animation_no elementor-widget elementor-widget-heading\" data-id=\"4adea24\" data-element_type=\"widget\" data-widget_type=\"heading.default\">\n\t\t\t\t<div class=\"elementor-widget-container\">\n\t\t\t<h6 class=\"elementor-heading-title elementor-size-default\">Condiciones para los ni\u00f1os<\/h6>\t\t<\/div>\n\t\t\t\t<\/div>\n\t\t\t\t<div class=\"elementor-element elementor-element-e897db9 de_scroll_animation_no elementor-widget elementor-widget-text-editor\" data-id=\"e897db9\" data-element_type=\"widget\" data-widget_type=\"text-editor.default\">\n\t\t\t\t<div class=\"elementor-widget-container\">\n\t\t\t\t\t\t\t<p>Este alojamiento considera adultos a los mayores de 18 a\u00f1os.<\/p>\n<p>Para ver los precios correctos y la informaci\u00f3n sobre ocupaci\u00f3n, a\u00f1ada a su b\u00fasqueda el n\u00famero de ni\u00f1os de su grupo y sus edades.<\/p>\n<p>De 0 a 12 a\u00f1os, una cama supletoria cuesta 39 euros (por ni\u00f1o y noche).  <span style=\"font-style: var( --e-global-typography-b2ce6af-font-style ); font-weight: var( --e-global-typography-b2ce6af-font-weight ); letter-spacing: var( --e-global-typography-b2ce6af-letter-spacing ); word-spacing: var( --e-global-typography-b2ce6af-word-spacing );\">Los precios de las camas supletorias no est\u00e1n incluidos en el precio total y deben abonarse por separado durante la estancia.  <\/span><span style=\"font-style: var( --e-global-typography-b2ce6af-font-style ); font-weight: var( --e-global-typography-b2ce6af-font-weight ); letter-spacing: var( --e-global-typography-b2ce6af-letter-spacing ); word-spacing: var( --e-global-typography-b2ce6af-word-spacing );\">El n\u00famero de camas supletorias permitidas depende de la opci\u00f3n que elija. Consulte la opci\u00f3n seleccionada para obtener m\u00e1s informaci\u00f3n. Todas las camas supletorias est\u00e1n sujetas a disponibilidad.<\/span><\/p>\n<p>No hay cunas disponibles en esta propiedad.<\/p>\n\t\t\t\t\t\t<\/div>\n\t\t\t\t<\/div>\n\t\t\t\t<div class=\"elementor-element elementor-element-fd96670 de_scroll_animation_no elementor-widget elementor-widget-heading\" data-id=\"fd96670\" data-element_type=\"widget\" data-widget_type=\"heading.default\">\n\t\t\t\t<div class=\"elementor-widget-container\">\n\t\t\t<h6 class=\"elementor-heading-title elementor-size-default\">Otras condiciones<\/h6>\t\t<\/div>\n\t\t\t\t<\/div>\n\t\t\t\t<div class=\"elementor-element elementor-element-aac865a de_scroll_animation_no elementor-widget elementor-widget-text-editor\" data-id=\"aac865a\" data-element_type=\"widget\" data-widget_type=\"text-editor.default\">\n\t\t\t\t<div class=\"elementor-widget-container\">\n\t\t\t\t\t\t\t<p>La recepci\u00f3n est\u00e1 abierta de 09:00 a 19:00. El registro de entrada despu\u00e9s de las 19.00 horas puede conllevar un cargo adicional de 20 euros y debe solicitarse con 24 horas de antelaci\u00f3n.<\/p>\n<p>Se puede guardar el equipaje antes del check-in y despu\u00e9s del check-out.<\/p>\n<p>Tenga en cuenta que s\u00f3lo las Habitaciones Dobles Superiores pueden alojar una cama supletoria, previa solicitud y con un coste adicional de 39 euros por cama supletoria y noche. Este coste no est\u00e1 incluido en el precio total y debe abonarse por separado durante la estancia.<\/p>\n<p>Las reservas s\u00f3lo incluyen 2 personas por habitaci\u00f3n, a excepci\u00f3n de la cama supletoria mencionada anteriormente. Por lo tanto, es obligatorio indicar la edad del ni\u00f1o; de lo contrario, tendr\u00e1 que reservar otra habitaci\u00f3n. <\/p>\n<p>Informa al \u00c1guamel Sintra, Boutique Guest House con antelaci\u00f3n de tu hora prevista de llegada. Puede utilizar la casilla de peticiones especiales durante el proceso de reserva o ponerse en contacto directamente con el establecimiento utilizando los datos de contacto que figuran en su confirmaci\u00f3n.<\/p>\n<p>En este establecimiento no se pueden celebrar despedidas de soltero o soltera ni fiestas similares.<\/p>\n<p>N\u00famero de licencia: <strong>21879\/AL<\/strong><\/p>\n\t\t\t\t\t\t<\/div>\n\t\t\t\t<\/div>\n\t\t\t\t\t<\/div>\n\t\t<\/div>\n\t\t\t\t\t\t\t<\/div>\n\t\t<\/section>\n\t\t\t\t\t\t\t<\/div>\n\t\t","protected":false},"excerpt":{"rendered":"<p>Informaci\u00f3n esencial Condiciones generales &#8211; Registro: 15:00 (para registrarse a una hora diferente, p\u00f3ngase en contacto con la recepci\u00f3n con antelaci\u00f3n); &#8211; Hora de salida: 8:00 (si desea salir a una hora diferente, p\u00f3ngase en contacto con la recepci\u00f3n con antelaci\u00f3n); &#8211; Cancelaci\u00f3n\/pago por adelantado: las condiciones de cancelaci\u00f3n y pago por adelantado var\u00edan seg\u00fan&#8230;<\/p>\n","protected":false},"author":1,"featured_media":0,"parent":0,"menu_order":0,"comment_status":"closed","ping_status":"closed","template":"elementor_header_footer","meta":{"_monsterinsights_skip_tracking":false,"_monsterinsights_sitenote_active":false,"_monsterinsights_sitenote_note":"","_monsterinsights_sitenote_category":0,"footnotes":""},"yoast_head":"<!-- This site is optimized with the Yoast SEO plugin v21.3 - https:\/\/yoast.com\/wordpress\/plugins\/seo\/ -->\n<title>Informaci\u00f3n esencial - \u00c1guamel Sintra<\/title>\n<meta name=\"description\" content=\"Aqu\u00ed encontrar\u00e1 toda la informaci\u00f3n sobre nuestras habitaciones Dobles y Dobles Superiores. \u00a1Disfrute de experiencias \u00fanicas!\" \/>\n<meta name=\"robots\" content=\"index, follow, max-snippet:-1, max-image-preview:large, max-video-preview:-1\" \/>\n<link rel=\"canonical\" href=\"https:\/\/www.aguamelsintra.com\/es\/informacion-esencial\/\" \/>\n<meta property=\"og:locale\" content=\"es_ES\" \/>\n<meta property=\"og:type\" content=\"article\" \/>\n<meta property=\"og:title\" content=\"Informaci\u00f3n esencial - \u00c1guamel Sintra\" \/>\n<meta property=\"og:description\" content=\"Aqu\u00ed encontrar\u00e1 toda la informaci\u00f3n sobre nuestras habitaciones Dobles y Dobles Superiores. \u00a1Disfrute de experiencias \u00fanicas!\" \/>\n<meta property=\"og:url\" content=\"https:\/\/www.aguamelsintra.com\/es\/informacion-esencial\/\" \/>\n<meta property=\"og:site_name\" content=\"\u00c1guamel Sintra\" \/>\n<meta property=\"article:publisher\" content=\"https:\/\/www.facebook.com\/profile.php?id=61552552437764\" \/>\n<meta property=\"article:modified_time\" content=\"2023-12-28T14:53:14+00:00\" \/>\n<meta property=\"og:image\" content=\"https:\/\/www.aguamelsintra.com\/wp-content\/uploads\/2023\/03\/LOGO1.png\" \/>\n\t<meta property=\"og:image:width\" content=\"300\" \/>\n\t<meta property=\"og:image:height\" content=\"121\" \/>\n\t<meta property=\"og:image:type\" content=\"image\/png\" \/>\n<meta name=\"twitter:card\" content=\"summary_large_image\" \/>\n<meta name=\"twitter:label1\" content=\"Tiempo de lectura\" \/>\n\t<meta name=\"twitter:data1\" content=\"3 minutos\" \/>\n<script type=\"application\/ld+json\" class=\"yoast-schema-graph\">{\"@context\":\"https:\/\/schema.org\",\"@graph\":[{\"@type\":\"WebPage\",\"@id\":\"https:\/\/www.aguamelsintra.com\/es\/informacion-esencial\/\",\"url\":\"https:\/\/www.aguamelsintra.com\/es\/informacion-esencial\/\",\"name\":\"Informaci\u00f3n esencial - \u00c1guamel Sintra\",\"isPartOf\":{\"@id\":\"https:\/\/www.aguamelsintra.com\/es\/#website\"},\"datePublished\":\"2023-06-21T08:57:56+00:00\",\"dateModified\":\"2023-12-28T14:53:14+00:00\",\"description\":\"Aqu\u00ed encontrar\u00e1 toda la informaci\u00f3n sobre nuestras habitaciones Dobles y Dobles Superiores. \u00a1Disfrute de experiencias \u00fanicas!\",\"breadcrumb\":{\"@id\":\"https:\/\/www.aguamelsintra.com\/es\/informacion-esencial\/#breadcrumb\"},\"inLanguage\":\"es\",\"potentialAction\":[{\"@type\":\"ReadAction\",\"target\":[\"https:\/\/www.aguamelsintra.com\/es\/informacion-esencial\/\"]}]},{\"@type\":\"BreadcrumbList\",\"@id\":\"https:\/\/www.aguamelsintra.com\/es\/informacion-esencial\/#breadcrumb\",\"itemListElement\":[{\"@type\":\"ListItem\",\"position\":1,\"name\":\"In\u00edcio\",\"item\":\"https:\/\/www.aguamelsintra.com\/es\/\"},{\"@type\":\"ListItem\",\"position\":2,\"name\":\"Informaci\u00f3n esencial\"}]},{\"@type\":\"WebSite\",\"@id\":\"https:\/\/www.aguamelsintra.com\/es\/#website\",\"url\":\"https:\/\/www.aguamelsintra.com\/es\/\",\"name\":\"\u00c1guamel Sintra\",\"description\":\"A sua Boutique Guest House\",\"publisher\":{\"@id\":\"https:\/\/www.aguamelsintra.com\/es\/#organization\"},\"alternateName\":\"\u00c1guamel Sintra\",\"potentialAction\":[{\"@type\":\"SearchAction\",\"target\":{\"@type\":\"EntryPoint\",\"urlTemplate\":\"https:\/\/www.aguamelsintra.com\/es\/?s={search_term_string}\"},\"query-input\":\"required name=search_term_string\"}],\"inLanguage\":\"es\"},{\"@type\":\"Organization\",\"@id\":\"https:\/\/www.aguamelsintra.com\/es\/#organization\",\"name\":\"\u00c1guamel Sintra\",\"alternateName\":\"\u00c1guamel Sintra\",\"url\":\"https:\/\/www.aguamelsintra.com\/es\/\",\"logo\":{\"@type\":\"ImageObject\",\"inLanguage\":\"es\",\"@id\":\"https:\/\/www.aguamelsintra.com\/es\/#\/schema\/logo\/image\/\",\"url\":\"https:\/\/www.aguamelsintra.com\/wp-content\/uploads\/2023\/03\/LOGO1.png\",\"contentUrl\":\"https:\/\/www.aguamelsintra.com\/wp-content\/uploads\/2023\/03\/LOGO1.png\",\"width\":300,\"height\":121,\"caption\":\"\u00c1guamel Sintra\"},\"image\":{\"@id\":\"https:\/\/www.aguamelsintra.com\/es\/#\/schema\/logo\/image\/\"},\"sameAs\":[\"https:\/\/www.facebook.com\/profile.php?id=61552552437764\",\"https:\/\/www.instagram.com\/aguamelsintra\/\"]}]}<\/script>\n<!-- \/ Yoast SEO plugin. -->","yoast_head_json":{"title":"Informaci\u00f3n esencial - \u00c1guamel Sintra","description":"Aqu\u00ed encontrar\u00e1 toda la informaci\u00f3n sobre nuestras habitaciones Dobles y Dobles Superiores. \u00a1Disfrute de experiencias \u00fanicas!","robots":{"index":"index","follow":"follow","max-snippet":"max-snippet:-1","max-image-preview":"max-image-preview:large","max-video-preview":"max-video-preview:-1"},"canonical":"https:\/\/www.aguamelsintra.com\/es\/informacion-esencial\/","og_locale":"es_ES","og_type":"article","og_title":"Informaci\u00f3n esencial - \u00c1guamel Sintra","og_description":"Aqu\u00ed encontrar\u00e1 toda la informaci\u00f3n sobre nuestras habitaciones Dobles y Dobles Superiores. \u00a1Disfrute de experiencias \u00fanicas!","og_url":"https:\/\/www.aguamelsintra.com\/es\/informacion-esencial\/","og_site_name":"\u00c1guamel Sintra","article_publisher":"https:\/\/www.facebook.com\/profile.php?id=61552552437764","article_modified_time":"2023-12-28T14:53:14+00:00","og_image":[{"width":300,"height":121,"url":"https:\/\/www.aguamelsintra.com\/wp-content\/uploads\/2023\/03\/LOGO1.png","type":"image\/png"}],"twitter_card":"summary_large_image","twitter_misc":{"Tiempo de lectura":"3 minutos"},"schema":{"@context":"https:\/\/schema.org","@graph":[{"@type":"WebPage","@id":"https:\/\/www.aguamelsintra.com\/es\/informacion-esencial\/","url":"https:\/\/www.aguamelsintra.com\/es\/informacion-esencial\/","name":"Informaci\u00f3n esencial - \u00c1guamel Sintra","isPartOf":{"@id":"https:\/\/www.aguamelsintra.com\/es\/#website"},"datePublished":"2023-06-21T08:57:56+00:00","dateModified":"2023-12-28T14:53:14+00:00","description":"Aqu\u00ed encontrar\u00e1 toda la informaci\u00f3n sobre nuestras habitaciones Dobles y Dobles Superiores. \u00a1Disfrute de experiencias \u00fanicas!","breadcrumb":{"@id":"https:\/\/www.aguamelsintra.com\/es\/informacion-esencial\/#breadcrumb"},"inLanguage":"es","potentialAction":[{"@type":"ReadAction","target":["https:\/\/www.aguamelsintra.com\/es\/informacion-esencial\/"]}]},{"@type":"BreadcrumbList","@id":"https:\/\/www.aguamelsintra.com\/es\/informacion-esencial\/#breadcrumb","itemListElement":[{"@type":"ListItem","position":1,"name":"In\u00edcio","item":"https:\/\/www.aguamelsintra.com\/es\/"},{"@type":"ListItem","position":2,"name":"Informaci\u00f3n esencial"}]},{"@type":"WebSite","@id":"https:\/\/www.aguamelsintra.com\/es\/#website","url":"https:\/\/www.aguamelsintra.com\/es\/","name":"\u00c1guamel Sintra","description":"A sua Boutique Guest House","publisher":{"@id":"https:\/\/www.aguamelsintra.com\/es\/#organization"},"alternateName":"\u00c1guamel Sintra","potentialAction":[{"@type":"SearchAction","target":{"@type":"EntryPoint","urlTemplate":"https:\/\/www.aguamelsintra.com\/es\/?s={search_term_string}"},"query-input":"required name=search_term_string"}],"inLanguage":"es"},{"@type":"Organization","@id":"https:\/\/www.aguamelsintra.com\/es\/#organization","name":"\u00c1guamel Sintra","alternateName":"\u00c1guamel Sintra","url":"https:\/\/www.aguamelsintra.com\/es\/","logo":{"@type":"ImageObject","inLanguage":"es","@id":"https:\/\/www.aguamelsintra.com\/es\/#\/schema\/logo\/image\/","url":"https:\/\/www.aguamelsintra.com\/wp-content\/uploads\/2023\/03\/LOGO1.png","contentUrl":"https:\/\/www.aguamelsintra.com\/wp-content\/uploads\/2023\/03\/LOGO1.png","width":300,"height":121,"caption":"\u00c1guamel Sintra"},"image":{"@id":"https:\/\/www.aguamelsintra.com\/es\/#\/schema\/logo\/image\/"},"sameAs":["https:\/\/www.facebook.com\/profile.php?id=61552552437764","https:\/\/www.instagram.com\/aguamelsintra\/"]}]}},"_links":{"self":[{"href":"https:\/\/www.aguamelsintra.com\/es\/wp-json\/wp\/v2\/pages\/17663"}],"collection":[{"href":"https:\/\/www.aguamelsintra.com\/es\/wp-json\/wp\/v2\/pages"}],"about":[{"href":"https:\/\/www.aguamelsintra.com\/es\/wp-json\/wp\/v2\/types\/page"}],"author":[{"embeddable":true,"href":"https:\/\/www.aguamelsintra.com\/es\/wp-json\/wp\/v2\/users\/1"}],"replies":[{"embeddable":true,"href":"https:\/\/www.aguamelsintra.com\/es\/wp-json\/wp\/v2\/comments?post=17663"}],"version-history":[{"count":4,"href":"https:\/\/www.aguamelsintra.com\/es\/wp-json\/wp\/v2\/pages\/17663\/revisions"}],"predecessor-version":[{"id":18774,"href":"https:\/\/www.aguamelsintra.com\/es\/wp-json\/wp\/v2\/pages\/17663\/revisions\/18774"}],"wp:attachment":[{"href":"https:\/\/www.aguamelsintra.com\/es\/wp-json\/wp\/v2\/media?parent=17663"}],"curies":[{"name":"wp","href":"https:\/\/api.w.org\/{rel}","templated":true}]}}